{"id":73,"date":"2023-04-24T14:26:35","date_gmt":"2023-04-24T14:26:35","guid":{"rendered":"https:\/\/solinewinand-dieteticienne.be\/?page_id=73"},"modified":"2025-12-15T11:45:29","modified_gmt":"2025-12-15T11:45:29","slug":"que-puis-je-faire-pour-vous","status":"publish","type":"page","link":"https:\/\/solinewinand-dieteticienne.be\/index.php\/que-puis-je-faire-pour-vous\/","title":{"rendered":"Que puis-je faire pour vous ?"},"content":{"rendered":"","protected":false},"excerpt":{"rendered":"","protected":false},"author":3,"featured_media":0,"parent":0,"menu_order":0,"comment_status":"open","ping_status":"open","template":"","meta":[],"yoast_head":"<!-- This site is optimized with the Yoast SEO plugin v20.5 - https:\/\/yoast.com\/wordpress\/plugins\/seo\/ -->\n<title>D\u00e9couvrez mes services de nutrition et di\u00e9t\u00e9tique \u00e0 Houffalize - Soline Winand<\/title>\n<meta name=\"description\" content=\"Voici quelques exemples de mes services: r\u00e9\u00e9quilibrage alimentaire, perte ou prise de poids, gestion des allergies et intol\u00e9rances, suivi nutritionnel, etc\" \/>\n<meta name=\"robots\" content=\"index, follow, max-snippet:-1, max-image-preview:large, max-video-preview:-1\" \/>\n<link rel=\"canonical\" href=\"https:\/\/solinewinand-dieteticienne.be\/index.php\/que-puis-je-faire-pour-vous\/\" \/>\n<meta property=\"og:locale\" content=\"fr_FR\" \/>\n<meta property=\"og:type\" content=\"article\" \/>\n<meta property=\"og:title\" content=\"D\u00e9couvrez mes services de nutrition et di\u00e9t\u00e9tique \u00e0 Houffalize - Soline Winand\" \/>\n<meta property=\"og:description\" content=\"Voici quelques exemples de mes services: r\u00e9\u00e9quilibrage alimentaire, perte ou prise de poids, gestion des allergies et intol\u00e9rances, suivi nutritionnel, etc\" \/>\n<meta property=\"og:url\" content=\"https:\/\/solinewinand-dieteticienne.be\/index.php\/que-puis-je-faire-pour-vous\/\" \/>\n<meta property=\"og:site_name\" content=\"Soline Winand\" \/>\n<meta property=\"article:modified_time\" content=\"2025-12-15T11:45:29+00:00\" \/>\n<meta name=\"twitter:card\" content=\"summary_large_image\" \/>\n<script type=\"application\/ld+json\" class=\"yoast-schema-graph\">{\"@context\":\"https:\/\/schema.org\",\"@graph\":[{\"@type\":\"WebPage\",\"@id\":\"https:\/\/solinewinand-dieteticienne.be\/index.php\/que-puis-je-faire-pour-vous\/\",\"url\":\"https:\/\/solinewinand-dieteticienne.be\/index.php\/que-puis-je-faire-pour-vous\/\",\"name\":\"D\u00e9couvrez mes services de nutrition et di\u00e9t\u00e9tique \u00e0 Houffalize - Soline Winand\",\"isPartOf\":{\"@id\":\"https:\/\/solinewinand-dieteticienne.be\/#website\"},\"datePublished\":\"2023-04-24T14:26:35+00:00\",\"dateModified\":\"2025-12-15T11:45:29+00:00\",\"description\":\"Voici quelques exemples de mes services: r\u00e9\u00e9quilibrage alimentaire, perte ou prise de poids, gestion des allergies et intol\u00e9rances, suivi nutritionnel, etc\",\"breadcrumb\":{\"@id\":\"https:\/\/solinewinand-dieteticienne.be\/index.php\/que-puis-je-faire-pour-vous\/#breadcrumb\"},\"inLanguage\":\"fr-FR\",\"potentialAction\":[{\"@type\":\"ReadAction\",\"target\":[\"https:\/\/solinewinand-dieteticienne.be\/index.php\/que-puis-je-faire-pour-vous\/\"]}]},{\"@type\":\"BreadcrumbList\",\"@id\":\"https:\/\/solinewinand-dieteticienne.be\/index.php\/que-puis-je-faire-pour-vous\/#breadcrumb\",\"itemListElement\":[{\"@type\":\"ListItem\",\"position\":1,\"name\":\"Accueil\",\"item\":\"https:\/\/solinewinand-dieteticienne.be\/\"},{\"@type\":\"ListItem\",\"position\":2,\"name\":\"Que puis-je faire pour vous ?\"}]},{\"@type\":\"WebSite\",\"@id\":\"https:\/\/solinewinand-dieteticienne.be\/#website\",\"url\":\"https:\/\/solinewinand-dieteticienne.be\/\",\"name\":\"Soline Winand\",\"description\":\"Di\u00e9t\u00e9ticienne &amp; nutritionniste \u00e0 Houffalize\",\"potentialAction\":[{\"@type\":\"SearchAction\",\"target\":{\"@type\":\"EntryPoint\",\"urlTemplate\":\"https:\/\/solinewinand-dieteticienne.be\/?s={search_term_string}\"},\"query-input\":\"required name=search_term_string\"}],\"inLanguage\":\"fr-FR\"}]}<\/script>\n<!-- \/ Yoast SEO plugin. -->","yoast_head_json":{"title":"D\u00e9couvrez mes services de nutrition et di\u00e9t\u00e9tique \u00e0 Houffalize - Soline Winand","description":"Voici quelques exemples de mes services: r\u00e9\u00e9quilibrage alimentaire, perte ou prise de poids, gestion des allergies et intol\u00e9rances, suivi nutritionnel, etc","robots":{"index":"index","follow":"follow","max-snippet":"max-snippet:-1","max-image-preview":"max-image-preview:large","max-video-preview":"max-video-preview:-1"},"canonical":"https:\/\/solinewinand-dieteticienne.be\/index.php\/que-puis-je-faire-pour-vous\/","og_locale":"fr_FR","og_type":"article","og_title":"D\u00e9couvrez mes services de nutrition et di\u00e9t\u00e9tique \u00e0 Houffalize - Soline Winand","og_description":"Voici quelques exemples de mes services: r\u00e9\u00e9quilibrage alimentaire, perte ou prise de poids, gestion des allergies et intol\u00e9rances, suivi nutritionnel, etc","og_url":"https:\/\/solinewinand-dieteticienne.be\/index.php\/que-puis-je-faire-pour-vous\/","og_site_name":"Soline Winand","article_modified_time":"2025-12-15T11:45:29+00:00","twitter_card":"summary_large_image","schema":{"@context":"https:\/\/schema.org","@graph":[{"@type":"WebPage","@id":"https:\/\/solinewinand-dieteticienne.be\/index.php\/que-puis-je-faire-pour-vous\/","url":"https:\/\/solinewinand-dieteticienne.be\/index.php\/que-puis-je-faire-pour-vous\/","name":"D\u00e9couvrez mes services de nutrition et di\u00e9t\u00e9tique \u00e0 Houffalize - Soline Winand","isPartOf":{"@id":"https:\/\/solinewinand-dieteticienne.be\/#website"},"datePublished":"2023-04-24T14:26:35+00:00","dateModified":"2025-12-15T11:45:29+00:00","description":"Voici quelques exemples de mes services: r\u00e9\u00e9quilibrage alimentaire, perte ou prise de poids, gestion des allergies et intol\u00e9rances, suivi nutritionnel, etc","breadcrumb":{"@id":"https:\/\/solinewinand-dieteticienne.be\/index.php\/que-puis-je-faire-pour-vous\/#breadcrumb"},"inLanguage":"fr-FR","potentialAction":[{"@type":"ReadAction","target":["https:\/\/solinewinand-dieteticienne.be\/index.php\/que-puis-je-faire-pour-vous\/"]}]},{"@type":"BreadcrumbList","@id":"https:\/\/solinewinand-dieteticienne.be\/index.php\/que-puis-je-faire-pour-vous\/#breadcrumb","itemListElement":[{"@type":"ListItem","position":1,"name":"Accueil","item":"https:\/\/solinewinand-dieteticienne.be\/"},{"@type":"ListItem","position":2,"name":"Que puis-je faire pour vous ?"}]},{"@type":"WebSite","@id":"https:\/\/solinewinand-dieteticienne.be\/#website","url":"https:\/\/solinewinand-dieteticienne.be\/","name":"Soline Winand","description":"Di\u00e9t\u00e9ticienne &amp; nutritionniste \u00e0 Houffalize","potentialAction":[{"@type":"SearchAction","target":{"@type":"EntryPoint","urlTemplate":"https:\/\/solinewinand-dieteticienne.be\/?s={search_term_string}"},"query-input":"required name=search_term_string"}],"inLanguage":"fr-FR"}]}},"_links":{"self":[{"href":"https:\/\/solinewinand-dieteticienne.be\/index.php\/wp-json\/wp\/v2\/pages\/73"}],"collection":[{"href":"https:\/\/solinewinand-dieteticienne.be\/index.php\/wp-json\/wp\/v2\/pages"}],"about":[{"href":"https:\/\/solinewinand-dieteticienne.be\/index.php\/wp-json\/wp\/v2\/types\/page"}],"author":[{"embeddable":true,"href":"https:\/\/solinewinand-dieteticienne.be\/index.php\/wp-json\/wp\/v2\/users\/3"}],"replies":[{"embeddable":true,"href":"https:\/\/solinewinand-dieteticienne.be\/index.php\/wp-json\/wp\/v2\/comments?post=73"}],"version-history":[{"count":1,"href":"https:\/\/solinewinand-dieteticienne.be\/index.php\/wp-json\/wp\/v2\/pages\/73\/revisions"}],"predecessor-version":[{"id":74,"href":"https:\/\/solinewinand-dieteticienne.be\/index.php\/wp-json\/wp\/v2\/pages\/73\/revisions\/74"}],"wp:attachment":[{"href":"https:\/\/solinewinand-dieteticienne.be\/index.php\/wp-json\/wp\/v2\/media?parent=73"}],"curies":[{"name":"wp","href":"https:\/\/api.w.org\/{rel}","templated":true}]}}