{"id":58,"date":"2023-04-24T10:27:27","date_gmt":"2023-04-24T10:27:27","guid":{"rendered":"https:\/\/solinewinand-dieteticienne.be\/?page_id=58"},"modified":"2025-12-15T11:12:05","modified_gmt":"2025-12-15T11:12:05","slug":"a-propos-soline-winand","status":"publish","type":"page","link":"https:\/\/solinewinand-dieteticienne.be\/index.php\/a-propos-soline-winand\/","title":{"rendered":"A propos"},"content":{"rendered":"","protected":false},"excerpt":{"rendered":"","protected":false},"author":3,"featured_media":0,"parent":0,"menu_order":0,"comment_status":"open","ping_status":"open","template":"","meta":[],"yoast_head":"<!-- This site is optimized with the Yoast SEO plugin v20.5 - https:\/\/yoast.com\/wordpress\/plugins\/seo\/ -->\n<title>En savoir plus sur Soline Winand - Votre di\u00e9t\u00e9ticienne \u00e0 Houffalize<\/title>\n<meta name=\"description\" content=\"Vous souhaitez r\u00e9\u00e9quilibrer votre alimentation, perdre du poids, pr\u00e9venir ou g\u00e9rer une pathologie particuli\u00e8re, etc, Votre di\u00e9t\u00e9ticienne \u00e0 Houffalize\" \/>\n<meta name=\"robots\" content=\"index, follow, max-snippet:-1, max-image-preview:large, max-video-preview:-1\" \/>\n<link rel=\"canonical\" href=\"https:\/\/solinewinand-dieteticienne.be\/index.php\/a-propos-soline-winand\/\" \/>\n<meta property=\"og:locale\" content=\"fr_FR\" \/>\n<meta property=\"og:type\" content=\"article\" \/>\n<meta property=\"og:title\" content=\"En savoir plus sur Soline Winand - Votre di\u00e9t\u00e9ticienne \u00e0 Houffalize\" \/>\n<meta property=\"og:description\" content=\"Vous souhaitez r\u00e9\u00e9quilibrer votre alimentation, perdre du poids, pr\u00e9venir ou g\u00e9rer une pathologie particuli\u00e8re, etc, Votre di\u00e9t\u00e9ticienne \u00e0 Houffalize\" \/>\n<meta property=\"og:url\" content=\"https:\/\/solinewinand-dieteticienne.be\/index.php\/a-propos-soline-winand\/\" \/>\n<meta property=\"og:site_name\" content=\"Soline Winand\" \/>\n<meta property=\"article:modified_time\" content=\"2025-12-15T11:12:05+00:00\" \/>\n<meta name=\"twitter:card\" content=\"summary_large_image\" \/>\n<script type=\"application\/ld+json\" class=\"yoast-schema-graph\">{\"@context\":\"https:\/\/schema.org\",\"@graph\":[{\"@type\":\"WebPage\",\"@id\":\"https:\/\/solinewinand-dieteticienne.be\/index.php\/a-propos-soline-winand\/\",\"url\":\"https:\/\/solinewinand-dieteticienne.be\/index.php\/a-propos-soline-winand\/\",\"name\":\"En savoir plus sur Soline Winand - Votre di\u00e9t\u00e9ticienne \u00e0 Houffalize\",\"isPartOf\":{\"@id\":\"https:\/\/solinewinand-dieteticienne.be\/#website\"},\"datePublished\":\"2023-04-24T10:27:27+00:00\",\"dateModified\":\"2025-12-15T11:12:05+00:00\",\"description\":\"Vous souhaitez r\u00e9\u00e9quilibrer votre alimentation, perdre du poids, pr\u00e9venir ou g\u00e9rer une pathologie particuli\u00e8re, etc, Votre di\u00e9t\u00e9ticienne \u00e0 Houffalize\",\"breadcrumb\":{\"@id\":\"https:\/\/solinewinand-dieteticienne.be\/index.php\/a-propos-soline-winand\/#breadcrumb\"},\"inLanguage\":\"fr-FR\",\"potentialAction\":[{\"@type\":\"ReadAction\",\"target\":[\"https:\/\/solinewinand-dieteticienne.be\/index.php\/a-propos-soline-winand\/\"]}]},{\"@type\":\"BreadcrumbList\",\"@id\":\"https:\/\/solinewinand-dieteticienne.be\/index.php\/a-propos-soline-winand\/#breadcrumb\",\"itemListElement\":[{\"@type\":\"ListItem\",\"position\":1,\"name\":\"Accueil\",\"item\":\"https:\/\/solinewinand-dieteticienne.be\/\"},{\"@type\":\"ListItem\",\"position\":2,\"name\":\"A propos\"}]},{\"@type\":\"WebSite\",\"@id\":\"https:\/\/solinewinand-dieteticienne.be\/#website\",\"url\":\"https:\/\/solinewinand-dieteticienne.be\/\",\"name\":\"Soline Winand\",\"description\":\"Di\u00e9t\u00e9ticienne &amp; nutritionniste \u00e0 Houffalize\",\"potentialAction\":[{\"@type\":\"SearchAction\",\"target\":{\"@type\":\"EntryPoint\",\"urlTemplate\":\"https:\/\/solinewinand-dieteticienne.be\/?s={search_term_string}\"},\"query-input\":\"required name=search_term_string\"}],\"inLanguage\":\"fr-FR\"}]}<\/script>\n<!-- \/ Yoast SEO plugin. -->","yoast_head_json":{"title":"En savoir plus sur Soline Winand - Votre di\u00e9t\u00e9ticienne \u00e0 Houffalize","description":"Vous souhaitez r\u00e9\u00e9quilibrer votre alimentation, perdre du poids, pr\u00e9venir ou g\u00e9rer une pathologie particuli\u00e8re, etc, Votre di\u00e9t\u00e9ticienne \u00e0 Houffalize","robots":{"index":"index","follow":"follow","max-snippet":"max-snippet:-1","max-image-preview":"max-image-preview:large","max-video-preview":"max-video-preview:-1"},"canonical":"https:\/\/solinewinand-dieteticienne.be\/index.php\/a-propos-soline-winand\/","og_locale":"fr_FR","og_type":"article","og_title":"En savoir plus sur Soline Winand - Votre di\u00e9t\u00e9ticienne \u00e0 Houffalize","og_description":"Vous souhaitez r\u00e9\u00e9quilibrer votre alimentation, perdre du poids, pr\u00e9venir ou g\u00e9rer une pathologie particuli\u00e8re, etc, Votre di\u00e9t\u00e9ticienne \u00e0 Houffalize","og_url":"https:\/\/solinewinand-dieteticienne.be\/index.php\/a-propos-soline-winand\/","og_site_name":"Soline Winand","article_modified_time":"2025-12-15T11:12:05+00:00","twitter_card":"summary_large_image","schema":{"@context":"https:\/\/schema.org","@graph":[{"@type":"WebPage","@id":"https:\/\/solinewinand-dieteticienne.be\/index.php\/a-propos-soline-winand\/","url":"https:\/\/solinewinand-dieteticienne.be\/index.php\/a-propos-soline-winand\/","name":"En savoir plus sur Soline Winand - Votre di\u00e9t\u00e9ticienne \u00e0 Houffalize","isPartOf":{"@id":"https:\/\/solinewinand-dieteticienne.be\/#website"},"datePublished":"2023-04-24T10:27:27+00:00","dateModified":"2025-12-15T11:12:05+00:00","description":"Vous souhaitez r\u00e9\u00e9quilibrer votre alimentation, perdre du poids, pr\u00e9venir ou g\u00e9rer une pathologie particuli\u00e8re, etc, Votre di\u00e9t\u00e9ticienne \u00e0 Houffalize","breadcrumb":{"@id":"https:\/\/solinewinand-dieteticienne.be\/index.php\/a-propos-soline-winand\/#breadcrumb"},"inLanguage":"fr-FR","potentialAction":[{"@type":"ReadAction","target":["https:\/\/solinewinand-dieteticienne.be\/index.php\/a-propos-soline-winand\/"]}]},{"@type":"BreadcrumbList","@id":"https:\/\/solinewinand-dieteticienne.be\/index.php\/a-propos-soline-winand\/#breadcrumb","itemListElement":[{"@type":"ListItem","position":1,"name":"Accueil","item":"https:\/\/solinewinand-dieteticienne.be\/"},{"@type":"ListItem","position":2,"name":"A propos"}]},{"@type":"WebSite","@id":"https:\/\/solinewinand-dieteticienne.be\/#website","url":"https:\/\/solinewinand-dieteticienne.be\/","name":"Soline Winand","description":"Di\u00e9t\u00e9ticienne &amp; nutritionniste \u00e0 Houffalize","potentialAction":[{"@type":"SearchAction","target":{"@type":"EntryPoint","urlTemplate":"https:\/\/solinewinand-dieteticienne.be\/?s={search_term_string}"},"query-input":"required name=search_term_string"}],"inLanguage":"fr-FR"}]}},"_links":{"self":[{"href":"https:\/\/solinewinand-dieteticienne.be\/index.php\/wp-json\/wp\/v2\/pages\/58"}],"collection":[{"href":"https:\/\/solinewinand-dieteticienne.be\/index.php\/wp-json\/wp\/v2\/pages"}],"about":[{"href":"https:\/\/solinewinand-dieteticienne.be\/index.php\/wp-json\/wp\/v2\/types\/page"}],"author":[{"embeddable":true,"href":"https:\/\/solinewinand-dieteticienne.be\/index.php\/wp-json\/wp\/v2\/users\/3"}],"replies":[{"embeddable":true,"href":"https:\/\/solinewinand-dieteticienne.be\/index.php\/wp-json\/wp\/v2\/comments?post=58"}],"version-history":[{"count":1,"href":"https:\/\/solinewinand-dieteticienne.be\/index.php\/wp-json\/wp\/v2\/pages\/58\/revisions"}],"predecessor-version":[{"id":59,"href":"https:\/\/solinewinand-dieteticienne.be\/index.php\/wp-json\/wp\/v2\/pages\/58\/revisions\/59"}],"wp:attachment":[{"href":"https:\/\/solinewinand-dieteticienne.be\/index.php\/wp-json\/wp\/v2\/media?parent=58"}],"curies":[{"name":"wp","href":"https:\/\/api.w.org\/{rel}","templated":true}]}}